{"id":8420,"date":"2022-11-04T22:24:43","date_gmt":"2022-11-05T02:24:43","guid":{"rendered":"https:\/\/caddac.ca\/?page_id=8420"},"modified":"2022-11-09T09:56:51","modified_gmt":"2022-11-09T14:56:51","slug":"lhistoire-deran","status":"publish","type":"page","link":"https:\/\/caddac.ca\/fr\/lhistoire-deran\/","title":{"rendered":"L'histoire d'Eran"},"content":{"rendered":"\n<div style=\"height:40px\" aria-hidden=\"true\" class=\"wp-block-spacer\"><\/div>\n\n\n\n<div class=\"wp-block-toolset-blocks-grid tb-grid\" data-toolset-blocks-grid=\"4cb222c5afec4c042b44cdef6a98ea3e\">\n<div class=\"wp-block-toolset-blocks-grid-column tb-grid-column tb-grid-align-top\" data-toolset-blocks-grid-column=\"3034fbe886c11054e95b46b09d3e4112\"><\/div>\n\n\n\n<div class=\"wp-block-toolset-blocks-grid-column tb-grid-column tb-grid-align-top\" data-toolset-blocks-grid-column=\"3034fbe886c11054e95b46b09d3e4112\">\n<figure class=\"wp-block-image size-full\"><img loading=\"lazy\" decoding=\"async\" width=\"600\" height=\"400\" src=\"https:\/\/caddac.ca\/wp-content\/uploads\/Lhistoire-dEran-CADDAC-3.png\" alt=\"\" class=\"wp-image-8429\" srcset=\"https:\/\/caddac.ca\/wp-content\/uploads\/Lhistoire-dEran-CADDAC-3.png 600w, https:\/\/caddac.ca\/wp-content\/uploads\/Lhistoire-dEran-CADDAC-3-300x200.png 300w\" sizes=\"auto, (max-width: 600px) 100vw, 600px\" \/><\/figure>\n<\/div>\n\n\n\n<div class=\"wp-block-toolset-blocks-grid-column tb-grid-column tb-grid-align-top\" data-toolset-blocks-grid-column=\"3034fbe886c11054e95b46b09d3e4112\"><\/div>\n\n\n\n<div class=\"wp-block-toolset-blocks-grid-column tb-grid-column tb-grid-align-top\" data-toolset-blocks-grid-column=\"3034fbe886c11054e95b46b09d3e4112\"><\/div>\n\n\n\n<div class=\"wp-block-toolset-blocks-grid-column tb-grid-column tb-grid-align-top\" data-toolset-blocks-grid-column=\"3034fbe886c11054e95b46b09d3e4112\">\n<p><em>Eran Devine parle du parcours scolaire de son fils Davin avant et pendant le diagnostic de TDAH.<\/em><\/p>\n\n\n\n<div style=\"height:14px\" aria-hidden=\"true\" class=\"wp-block-spacer\"><\/div>\n\n\n\n<p>\u00ab Lorsque votre enfant commence l\u2019\u00e9cole, on lui dit que c\u2019est un moment magique. Ils vont se faire des amis et apprendre de nouvelles choses et \u00e9prouver tellement de plaisir. \u00bb Quand leur exp\u00e9rience est celle de la peur, de l\u2019anxi\u00e9t\u00e9 et de la honte, c\u2019est d\u00e9vastateur... pas seulement pour les parents, mais aussi pour l\u2019enfant.<\/p>\n\n\n\n<div style=\"height:14px\" aria-hidden=\"true\" class=\"wp-block-spacer\"><\/div>\n\n\n\n<p>La vie \u00e9tait d\u00e9j\u00e0 compliqu\u00e9e avant le diagnostic de TDAH de Davin, mais avant trop longtemps, les parents recevaient des appels t\u00e9l\u00e9phoniques fr\u00e9quents de l\u2019\u00e9cole. Au cours du premier mois, l\u2019\u00e9cole a sugg\u00e9r\u00e9 que Davin passe de la maternelle \u00e0 la pr\u00e9maternelle. La famille a accept\u00e9, mais les choses ont quand m\u00eame empir\u00e9. Des rapports sans fin de l\u2019\u00e9cole ont document\u00e9 ses luttes quotidiennes : explosions, effondrements, tentatives de quitter la salle de classe et la cour de l\u2019\u00e9cole.<\/p>\n\n\n\n<div style=\"height:14px\" aria-hidden=\"true\" class=\"wp-block-spacer\"><\/div>\n\n\n\n<p>La famille a commenc\u00e9 \u00e0 avoir des r\u00e9unions avec le personnel de l\u2019\u00e9cole. Eran pensait que l\u2019objectif allait \u00eatre de cr\u00e9er un plan pour soutenir Davin dans la salle de classe, ou \u00e0 tout le moins, l\u2019\u00e9cole lui fournirait des informations sur la fa\u00e7on d\u2019aller de l\u2019avant. \u00ab Au lieu de cela, les r\u00e9unions \u00e9taient tr\u00e8s peu structur\u00e9es et non organis\u00e9es. Cinq membres du personnel se sont relay\u00e9s pour me dire tout ce qu\u2019ils pensaient \u00eatre faux au sujet de mon fils. Il \u00e9tait difficile de passer par ces r\u00e9unions et de continuer \u00e0 essayer de travailler en partenariat avec le personnel de l\u2019\u00e9cole.<\/p>\n\n\n\n<div style=\"height:14px\" aria-hidden=\"true\" class=\"wp-block-spacer\"><\/div>\n\n\n\n<p>Le c\u0153ur d\u2019Eran se brisait chaque fois que Davin rentrait \u00e0 la maison en d\u00e9clarant des commentaires n\u00e9gatifs sur lui-m\u00eame. \u00ab \u00c0 un \u00e2ge o\u00f9 un enfant ne devrait pas avoir ce type de stress et d\u2019anxi\u00e9t\u00e9 li\u00e9s \u00e0 l\u2019\u00e9cole, c\u2019\u00e9tait une exp\u00e9rience qui le brisait, et cela nous brisait aussi. <a>\u00bb<\/a><\/p>\n\n\n\n<p>Ses sentiments d\u2019impuissamment se sont intensifi\u00e9s alors qu\u2019elle essayait de naviguer dans le syst\u00e8me complexe de programmes - dont beaucoup d\u2019entre eux la famille n\u2019\u00e9taient pas admissibles car le TDAH n\u2019est pas toujours reconnu comme un handicap qui justifie des mesures d\u2019adaptation.<\/p>\n\n\n\n<div style=\"height:14px\" aria-hidden=\"true\" class=\"wp-block-spacer\"><\/div>\n\n\n\n<p>\u00ab C\u2019\u00e9tait difficile, vous vous sentez impuissant, et je ne savais pas o\u00f9 chercher ensuite. Je pense qu\u2019il est \u00e9vident que le TDAH est grossi\u00e8rement sous-soutenus et sous-financ\u00e9. Des soutiens sont n\u00e9cessaires ; c\u2019est une urgence que nous devons soutenir et aller de l\u2019avant en donnant aux gens un endroit o\u00f9 ils peuvent tendre la main et se sentir inclus. \u00bb<\/p>\n\n\n\n<div style=\"height:14px\" aria-hidden=\"true\" class=\"wp-block-spacer\"><\/div>\n\n\n\n<p>La prise en charge du TDAH \u00e0 l\u2019\u00e9cole n\u00e9cessite une approche d\u2019\u00e9quipe positive, car chacun \u00e9prouve des sympt\u00f4mes diff\u00e9rents en fonction de son propre diagnostic unique. Surtout pour les jeunes enfants, il faut du temps pour \u00e9valuer les d\u00e9ficiences, mettre en \u0153uvre des strat\u00e9gies et demander des mesures d\u2019adaptation.<\/p>\n\n\n\n<div style=\"height:14px\" aria-hidden=\"true\" class=\"wp-block-spacer\"><\/div>\n\n\n\n<p>En travaillant ensemble pour d\u00e9fendre et \u00e9duquer des familles comme celle d\u2019Eran, nous pouvons tous r\u00e9ussir. Lorsque vous faites un don, vous fournissez les fonds pour les programmes d\u2019\u00e9ducation sur le TDAH qui soutiennent les individus et les familles comme Eran alors qu\u2019ils apprennent \u00e0 mieux soutenir leurs enfants. Votre soutien a le pouvoir de toucher tant de vies.<\/p>\n\n\n\n<div style=\"height:14px\" aria-hidden=\"true\" class=\"wp-block-spacer\"><\/div>\n\n\n\n<p>S\u2019il vous pla\u00eet, faites la diff\u00e9rence dans la vie de quelqu\u2019un. Faites un don aujourd\u2019hui !<\/p>\n\n\n\n<div style=\"height:25px\" aria-hidden=\"true\" class=\"wp-block-spacer\"><\/div>\n<\/div>\n\n\n\n<div class=\"wp-block-toolset-blocks-grid-column tb-grid-column tb-grid-align-top\" data-toolset-blocks-grid-column=\"3034fbe886c11054e95b46b09d3e4112\">\n<div class=\"tb-button\" data-toolset-blocks-button=\"12fd9d69805898e5526c4ce079af8ad2\"><a class=\"tb-button__link\" href=\"https:\/\/interland3.donorperfect.net\/weblink\/WebLink.aspx?name=E348235QE&amp;id=124\"><i class=\"tb-button__icon\"><\/i><span class=\"tb-button__content\">Faire un don<\/span><\/a><\/div>\n<\/div>\n\n\n\n<div class=\"wp-block-toolset-blocks-grid-column tb-grid-column tb-grid-align-top\" data-toolset-blocks-grid-column=\"3034fbe886c11054e95b46b09d3e4112\"><\/div>\n\n\n\n<div class=\"wp-block-toolset-blocks-grid-column tb-grid-column tb-grid-align-top\" data-toolset-blocks-grid-column=\"3034fbe886c11054e95b46b09d3e4112\">\n<div class=\"tb-button\" data-toolset-blocks-button=\"36f7a761126cbf10da08389cf38683e3\"><a class=\"tb-button__link\" href=\"https:\/\/interland3.donorperfect.net\/weblink\/WebLink.aspx?name=E348235QE&amp;id=124\"><i class=\"tb-button__icon\"><\/i><span class=\"tb-button__content\">Faire un don<\/span><\/a><\/div>\n<\/div>\n\n\n\n<div class=\"wp-block-toolset-blocks-grid-column tb-grid-column tb-grid-align-top\" data-toolset-blocks-grid-column=\"3034fbe886c11054e95b46b09d3e4112\"><\/div>\n<\/div>\n\n\n\n<div style=\"height:25px\" aria-hidden=\"true\" class=\"wp-block-spacer\"><\/div>\n\n\n\n<div class=\"wp-block-columns is-layout-flex wp-container-core-columns-is-layout-9d6595d7 wp-block-columns-is-layout-flex\">\n<div class=\"wp-block-column is-layout-flow wp-block-column-is-layout-flow\" style=\"flex-basis:25%\"><\/div>\n\n\n\n<div class=\"wp-block-column is-layout-flow wp-block-column-is-layout-flow\" style=\"flex-basis:75%\"><\/div>\n<\/div>\n\n\n\n<p><\/p>\n\n\n\n<p><\/p>\n\n\n\n<div style=\"height:16px\" aria-hidden=\"true\" class=\"wp-block-spacer\"><\/div>\n","protected":false},"excerpt":{"rendered":"","protected":false},"author":31,"featured_media":0,"parent":0,"menu_order":0,"comment_status":"closed","ping_status":"closed","template":"","meta":{"_seopress_robots_primary_cat":"","_seopress_titles_title":"L&#039;histoire d&#039;Eran","_seopress_titles_desc":"\u00ab Lorsque votre enfant commence l\u2019\u00e9cole, on lui dit que c\u2019est un moment magique. Ils vont se faire des amis et apprendre de nouvelles choses et \u00e9prouver tellement de plaisir. \u00bb Quand leur exp\u00e9rience est celle de la peur, de l\u2019anxi\u00e9t\u00e9 et de la honte, c\u2019est d\u00e9vastateur... pas seulement pour les parents, mais aussi pour l\u2019enfant.","_seopress_robots_index":"","footnotes":""},"class_list":["post-8420","page","type-page","status-publish","hentry"],"_links":{"self":[{"href":"https:\/\/caddac.ca\/fr\/wp-json\/wp\/v2\/pages\/8420","targetHints":{"allow":["GET"]}}],"collection":[{"href":"https:\/\/caddac.ca\/fr\/wp-json\/wp\/v2\/pages"}],"about":[{"href":"https:\/\/caddac.ca\/fr\/wp-json\/wp\/v2\/types\/page"}],"author":[{"embeddable":true,"href":"https:\/\/caddac.ca\/fr\/wp-json\/wp\/v2\/users\/31"}],"replies":[{"embeddable":true,"href":"https:\/\/caddac.ca\/fr\/wp-json\/wp\/v2\/comments?post=8420"}],"version-history":[{"count":0,"href":"https:\/\/caddac.ca\/fr\/wp-json\/wp\/v2\/pages\/8420\/revisions"}],"wp:attachment":[{"href":"https:\/\/caddac.ca\/fr\/wp-json\/wp\/v2\/media?parent=8420"}],"curies":[{"name":"wp","href":"https:\/\/api.w.org\/{rel}","templated":true}]}}