{"id":7466,"date":"2022-09-26T17:01:04","date_gmt":"2022-09-26T21:01:04","guid":{"rendered":"https:\/\/caddac.ca\/?page_id=7466"},"modified":"2022-09-26T17:03:51","modified_gmt":"2022-09-26T21:03:51","slug":"droit-provincial-au-traitement-du-tdah-campagne-provincial-de-redaction-de-lettres","status":"publish","type":"page","link":"https:\/\/caddac.ca\/fr\/droit-provincial-au-traitement-du-tdah-campagne-provincial-de-redaction-de-lettres\/","title":{"rendered":"Droit provincial au traitement du TDAH: Campagne provincial de r\u00e9daction de lettres"},"content":{"rendered":"\n<p><\/p>\n\n\n<div class=\"wp-block-image\">\n<figure class=\" tb-image tb-image-dynamic tb-image-frame-none aligncenter\" data-toolset-blocks-image=\"bb55e4af60423430ff0e0eb4e65d15ca\"><img decoding=\"async\" loading=\"lazy\" src=\"https:\/\/caddac.ca\/wp-content\/uploads\/CADDAC_logo-FULL-tagline-ENG.svg\" alt=\"\" class=\"wp-image-2526\"\/><\/figure>\n<\/div>\n\n\n<div class=\"wp-block-toolset-blocks-container tb-container\" data-toolset-blocks-container=\"8e8844e2f1b3219a8ac662a3821cfca8\">\n<div class=\"wp-block-toolset-blocks-grid tb-grid\" data-toolset-blocks-grid=\"79ce8f87fa0fd512454dcb6311afc1a8\">\n<div class=\"wp-block-toolset-blocks-grid-column tb-grid-column tb-grid-align-top\" data-toolset-blocks-grid-column=\"3034fbe886c11054e95b46b09d3e4112\"><\/div>\n\n\n\n<div class=\"wp-block-toolset-blocks-grid-column tb-grid-column tb-grid-align-top\" data-toolset-blocks-grid-column=\"3034fbe886c11054e95b46b09d3e4112\">\n<p>Lors des rencontres aved des repr\u00e9sentants du gouvernement, on nous dit souvent qu'ils n'entendent pas parler de leurs \u00e9lecteurs au sujet du TDAH et ne sont donc pas trop int\u00e9ress\u00e9s \u00e0 s'impliquer.<\/p>\n\n\n\n<p><\/p>\n\n\n\n<p>\u00c9crire une lettre \u00e0 votre d\u00e9put\u00e9(e) exprimant votre int\u00e9r\u00eat pour le TDAH, vos pr\u00e9occupations et vos attentes est tr\u00e8s utile pour les efforts de plaidoyer du TDAH.<\/p>\n\n\n\n<p><\/p>\n\n\n\n<p>CSTC (CADDAC) a raccourci le processus pour aider votre lettre de plaidoyer du TDAH \u00e0 parvenir \u00e0 la personne appropri\u00e9e le plus facilement que possible.<\/p>\n<\/div>\n\n\n\n<div class=\"wp-block-toolset-blocks-grid-column tb-grid-column tb-grid-align-top\" data-toolset-blocks-grid-column=\"3034fbe886c11054e95b46b09d3e4112\"><\/div>\n\n\n\n<div class=\"wp-block-toolset-blocks-grid-column tb-grid-column tb-grid-align-top\" data-toolset-blocks-grid-column=\"3034fbe886c11054e95b46b09d3e4112\"><\/div>\n\n\n\n<div class=\"wp-block-toolset-blocks-grid-column tb-grid-column tb-grid-align-top\" data-toolset-blocks-grid-column=\"3034fbe886c11054e95b46b09d3e4112\">\n<div class=\"pp_campaign\" data-id=\"5905\"><\/div><script src=\"https:\/\/admin.csaeconnect.ca\/widget.js\"><\/script><script>EmbeddableWidget.mount({class: \"pp_campaign\" });<\/script>\n<\/div>\n\n\n\n<div class=\"wp-block-toolset-blocks-grid-column tb-grid-column tb-grid-align-top\" data-toolset-blocks-grid-column=\"3034fbe886c11054e95b46b09d3e4112\"><\/div>\n<\/div>\n<\/div>\n\n\n\n<p><\/p>\n\n\n\n<p><\/p>\n\n\n\n<p><\/p>\n","protected":false},"excerpt":{"rendered":"","protected":false},"author":28,"featured_media":0,"parent":0,"menu_order":0,"comment_status":"closed","ping_status":"closed","template":"","meta":{"_seopress_robots_primary_cat":"","_seopress_titles_title":"Droit provincial au traitement du TDAH","_seopress_titles_desc":"Lors des rencontres aved des repr\u00e9sentants du gouvernement, on nous dit souvent qu&#039;ils n&#039;entendent pas parler de leurs \u00e9lecteurs au sujet du TDAH et ne sont donc pas trop int\u00e9ress\u00e9s \u00e0 s&#039;impliquer.","_seopress_robots_index":"","footnotes":""},"class_list":["post-7466","page","type-page","status-publish","hentry"],"_links":{"self":[{"href":"https:\/\/caddac.ca\/fr\/wp-json\/wp\/v2\/pages\/7466","targetHints":{"allow":["GET"]}}],"collection":[{"href":"https:\/\/caddac.ca\/fr\/wp-json\/wp\/v2\/pages"}],"about":[{"href":"https:\/\/caddac.ca\/fr\/wp-json\/wp\/v2\/types\/page"}],"author":[{"embeddable":true,"href":"https:\/\/caddac.ca\/fr\/wp-json\/wp\/v2\/users\/28"}],"replies":[{"embeddable":true,"href":"https:\/\/caddac.ca\/fr\/wp-json\/wp\/v2\/comments?post=7466"}],"version-history":[{"count":0,"href":"https:\/\/caddac.ca\/fr\/wp-json\/wp\/v2\/pages\/7466\/revisions"}],"wp:attachment":[{"href":"https:\/\/caddac.ca\/fr\/wp-json\/wp\/v2\/media?parent=7466"}],"curies":[{"name":"wp","href":"https:\/\/api.w.org\/{rel}","templated":true}]}}