{"id":7434,"date":"2022-09-26T21:30:26","date_gmt":"2022-09-27T01:30:26","guid":{"rendered":"https:\/\/caddac.ca\/?page_id=7434"},"modified":"2022-09-30T17:08:41","modified_gmt":"2022-09-30T21:08:41","slug":"votre-tdah-se-cache-t-il","status":"publish","type":"page","link":"https:\/\/caddac.ca\/fr\/votre-tdah-se-cache-t-il\/","title":{"rendered":"Votre TDAH se cache-t-il?"},"content":{"rendered":"\n<p><\/p>\n\n\n\n<h1 class=\"tb-heading\" data-toolset-blocks-heading=\"00fb0b0175a5bcc235c8da3beea89a4d\" data-last-update=\"1.4\">Le mois d\u2019octobre est le mois de sensibilisation au TDAH<\/h1>\n\n\n\n<div style=\"height:44px\" aria-hidden=\"true\" class=\"wp-block-spacer\"><\/div>\n\n\n\n<h2 class=\"tb-heading\" data-toolset-blocks-heading=\"5ffd41c22e04344bb68303aec8edd14e\" data-last-update=\"1.4\">Cette octobre, notre th\u00e8me est les conditions concomitantes et sur le TDAH.<\/h2>\n\n\n\n<div style=\"height:44px\" aria-hidden=\"true\" class=\"wp-block-spacer\"><\/div>\n\n\n<div class=\"wp-block-image\">\n<figure class=\" tb-image tb-image-dynamic tb-image-frame-none aligncenter\" data-toolset-blocks-image=\"f68a6c284c688d426f57f8ce8e567fd0\"><img decoding=\"async\" width=\"1024\" height=\"341\" loading=\"lazy\" src=\"https:\/\/caddac.ca\/wp-content\/uploads\/Oct-2022-Awareness-LP-Website-Page-Header-FR-1024x341.png\" alt=\"\" class=\"wp-image-7203\" srcset=\"https:\/\/caddac.ca\/wp-content\/uploads\/Oct-2022-Awareness-LP-Website-Page-Header-FR-1024x341.png 1024w, https:\/\/caddac.ca\/wp-content\/uploads\/Oct-2022-Awareness-LP-Website-Page-Header-FR-300x100.png 300w, https:\/\/caddac.ca\/wp-content\/uploads\/Oct-2022-Awareness-LP-Website-Page-Header-FR-768x256.png 768w, https:\/\/caddac.ca\/wp-content\/uploads\/Oct-2022-Awareness-LP-Website-Page-Header-FR.png 1200w\" sizes=\"auto, (max-width: 1024px) 100vw, 1024px\" \/><\/figure>\n<\/div>\n\n\n<div style=\"height:15px\" aria-hidden=\"true\" class=\"wp-block-spacer\"><\/div>\n\n\n\n<div class=\"wp-block-toolset-blocks-grid tb-grid\" data-toolset-blocks-grid=\"4cb222c5afec4c042b44cdef6a98ea3e\">\n<div class=\"wp-block-toolset-blocks-grid-column tb-grid-column tb-grid-align-top\" data-toolset-blocks-grid-column=\"3034fbe886c11054e95b46b09d3e4112\"><\/div>\n\n\n\n<div class=\"wp-block-toolset-blocks-grid-column tb-grid-column tb-grid-align-top\" data-toolset-blocks-grid-column=\"e0c62ef28c440411136281632d5a8d63\">\n<p><\/p>\n<\/div>\n\n\n\n<div class=\"wp-block-toolset-blocks-grid-column tb-grid-column tb-grid-align-top\" data-toolset-blocks-grid-column=\"3034fbe886c11054e95b46b09d3e4112\"><\/div>\n\n\n\n<div class=\"wp-block-toolset-blocks-grid-column tb-grid-column tb-grid-align-top\" data-toolset-blocks-grid-column=\"3034fbe886c11054e95b46b09d3e4112\"><\/div>\n\n\n\n<div class=\"wp-block-toolset-blocks-grid-column tb-grid-column tb-grid-align-top\" data-toolset-blocks-grid-column=\"3034fbe886c11054e95b46b09d3e4112\"><\/div>\n\n\n\n<div class=\"wp-block-toolset-blocks-grid-column tb-grid-column tb-grid-align-top\" data-toolset-blocks-grid-column=\"3034fbe886c11054e95b46b09d3e4112\"><\/div>\n\n\n\n<div class=\"wp-block-toolset-blocks-grid-column tb-grid-column tb-grid-align-top\" data-toolset-blocks-grid-column=\"3034fbe886c11054e95b46b09d3e4112\"><\/div>\n\n\n\n<div class=\"wp-block-toolset-blocks-grid-column tb-grid-column tb-grid-align-top\" data-toolset-blocks-grid-column=\"3034fbe886c11054e95b46b09d3e4112\">\n<p>Saviez-vous que...<\/p>\n\n\n\n<ul class=\"wp-block-list\"><li>80% d'adultes et 44% d'enfants atteints de TDAH ont au moins un probl\u00e8me de sant\u00e9 mentale suppl\u00e9mentaire.<\/li><li>46% des femmes re\u00e7oivent un diagnostic erron\u00e9 d'un autre trouble de sant\u00e9 mentale avant d'\u00eatre diagnostiqu\u00e9es avec le TDAH.<\/li><li>Jusqu'\u00e0 40% des enfants et 50% des adultes atteints du TDAH ont aussi un trouble d'anxi\u00e9t\u00e9<\/li><li>40% d'individus ayant le TDAH sont aussi atteints du trouble de l'humeur<\/li><li>Jusqu'\u00e0 50% d'individus ayant un trouble de consommation sont atteints du TDAH<\/li><li>Il a \u00e9t\u00e9 d\u00e9montr\u00e9 qu'une intervention pr\u00e9coce pr\u00e9vient d'autres troubles de sant\u00e9 mentale tels que l'anxi\u00e9t\u00e9, la d\u00e9pression et les troubles li\u00e9s \u00e0 l'utilisation de substances.<\/li><\/ul>\n<\/div>\n\n\n\n<div class=\"wp-block-toolset-blocks-grid-column tb-grid-column tb-grid-align-top\" data-toolset-blocks-grid-column=\"3034fbe886c11054e95b46b09d3e4112\"><\/div>\n<\/div>\n\n\n\n<div style=\"height:44px\" aria-hidden=\"true\" class=\"wp-block-spacer\"><\/div>\n\n\n\n<p><\/p>\n\n\n\n<div class=\"wp-block-toolset-blocks-grid tb-grid\" data-toolset-blocks-grid=\"d10c241d3e512876d1e35946e65de01b\">\n<div class=\"wp-block-toolset-blocks-grid-column tb-grid-column tb-grid-align-top\" data-toolset-blocks-grid-column=\"3034fbe886c11054e95b46b09d3e4112\"><\/div>\n\n\n\n<div class=\"wp-block-toolset-blocks-grid-column tb-grid-column tb-grid-align-top\" data-toolset-blocks-grid-column=\"3034fbe886c11054e95b46b09d3e4112\">\n<h4 class=\"tb-heading\" data-toolset-blocks-heading=\"422d389b681e5b2aa21d0adc7328444f\" data-last-update=\"1.4\">Pour en conna\u00eetre d'avantage sur les conditions concomitantes et sur le TDAH, t\u00e9l\u00e9chargez notre document politique, regardez nos vid\u00e9os, ou contactez notre agente de ressources du TDAH<\/h4>\n<\/div>\n\n\n\n<div class=\"wp-block-toolset-blocks-grid-column tb-grid-column tb-grid-align-top\" data-toolset-blocks-grid-column=\"3034fbe886c11054e95b46b09d3e4112\"><\/div>\n<\/div>\n\n\n\n<h4 class=\"tb-heading aligncenter\" data-toolset-blocks-heading=\"48f175ee9e120afeeea3c2b82e80c584\" data-last-update=\"1.4\"><\/h4>\n\n\n\n<div style=\"height:44px\" aria-hidden=\"true\" class=\"wp-block-spacer\"><\/div>\n\n\n\n<div class=\"wp-block-toolset-blocks-grid tb-grid\" data-toolset-blocks-grid=\"198afd7dc74a944328f5d2cea6b2284c\">\n<div class=\"wp-block-toolset-blocks-grid-column tb-grid-column tb-grid-align-top\" data-toolset-blocks-grid-column=\"3034fbe886c11054e95b46b09d3e4112\">\n<div class=\"tb-button aligncenter\" data-toolset-blocks-button=\"e7e00e3324d16688de7b35ba106da07d\"><a class=\"tb-button__link\" href=\"https:\/\/caddac.ca\/wp-content\/uploads\/Comorbidities-Policy-Paper_Final_FR.pdf\" target=\"_blank\" rel=\"noopener\"><i class=\"tb-button__icon\"><\/i><span class=\"tb-button__content\">Document de politique: <br>TDAH et sant\u00e9 mentale<\/span><\/a><\/div>\n<\/div>\n\n\n\n<div class=\"wp-block-toolset-blocks-grid-column tb-grid-column tb-grid-align-top\" data-toolset-blocks-grid-column=\"3034fbe886c11054e95b46b09d3e4112\">\n<div class=\"tb-button aligncenter\" data-toolset-blocks-button=\"da08946f7c8c5d333d8660e71a6968e1\"><a class=\"tb-button__link\" href=\"https:\/\/youtube.com\/playlist?list=PLsgM65RwoTSpIAZJ1barJ-WYpRbK0Ya2a\" target=\"_blank\" rel=\"noopener\"><i class=\"tb-button__icon\"><\/i><span class=\"tb-button__content\">  Visionnez nos webinaires<\/span><\/a><\/div>\n<\/div>\n\n\n\n<div class=\"wp-block-toolset-blocks-grid-column tb-grid-column tb-grid-align-top\" data-toolset-blocks-grid-column=\"3034fbe886c11054e95b46b09d3e4112\">\n<div class=\"tb-button\" data-toolset-blocks-button=\"3467d53f8539f24be03c733fbc2820ec\"><a class=\"tb-button__link\" href=\"https:\/\/caddac.ca\/fr\/annie\/\" target=\"_blank\" rel=\"noopener\"><i class=\"tb-button__icon\"><\/i><span class=\"tb-button__content\">Contactez notre<br>agente de ressources<br> du TDAH<\/span><\/a><\/div>\n<\/div>\n<\/div>\n\n\n\n<div style=\"height:19px\" aria-hidden=\"true\" class=\"wp-block-spacer\"><\/div>\n\n\n\n<div style=\"height:44px\" aria-hidden=\"true\" class=\"wp-block-spacer\"><\/div>\n\n\n\n<h2 class=\"tb-heading\" data-toolset-blocks-heading=\"5ffd41c22e04344bb68303aec8edd14e\" data-last-update=\"1.4\">Participez au mois de sensibilisation au TDAH&nbsp;!<\/h2>\n\n\n\n<div style=\"height:44px\" aria-hidden=\"true\" class=\"wp-block-spacer\"><\/div>\n\n\n\n<h2 class=\"tb-heading\" data-toolset-blocks-heading=\"5ffd41c22e04344bb68303aec8edd14e\" data-last-update=\"1.4\">Sensibiliser le public.<\/h2>\n\n\n\n<div style=\"height:19px\" aria-hidden=\"true\" class=\"wp-block-spacer\"><\/div>\n\n\n\n<div class=\"wp-block-toolset-blocks-grid tb-grid\" data-toolset-blocks-grid=\"d10c241d3e512876d1e35946e65de01b\">\n<div class=\"wp-block-toolset-blocks-grid-column tb-grid-column tb-grid-align-top\" data-toolset-blocks-grid-column=\"3034fbe886c11054e95b46b09d3e4112\"><\/div>\n\n\n\n<div class=\"wp-block-toolset-blocks-grid-column tb-grid-column tb-grid-align-top\" data-toolset-blocks-grid-column=\"3034fbe886c11054e95b46b09d3e4112\">\n<h6 class=\"tb-heading\" data-toolset-blocks-heading=\"bf19d814a7c6185dfe02db6859e0e08c\" data-last-update=\"1.4\">Sensibiliser le public \u00e0 l'identification et au traitement pr\u00e9coce du TDAH. Nous avons des images que vous pouvez publier et partager sur les m\u00e9dias sociaux dans notre dossier de presse<\/h6>\n<\/div>\n\n\n\n<div class=\"wp-block-toolset-blocks-grid-column tb-grid-column tb-grid-align-top\" data-toolset-blocks-grid-column=\"3034fbe886c11054e95b46b09d3e4112\"><\/div>\n<\/div>\n\n\n\n<div style=\"height:44px\" aria-hidden=\"true\" class=\"wp-block-spacer\"><\/div>\n\n\n\n<p><\/p>\n\n\n\n<div class=\"tb-button\" data-toolset-blocks-button=\"215fa0bcb88795a848400dd4803d4ab1\"><a class=\"tb-button__link\" href=\"https:\/\/drive.google.com\/drive\/folders\/1KlWq76PyV_h0LW1OM_qQ_pZ_wQEGb9lq?usp=sharing\" target=\"_blank\" rel=\"noopener\"><span class=\"tb-button__content\">Bo\u00eete \u00e0 outils des m\u00e9dias sociaux   <\/span><i class=\"tb-button__icon\"><\/i><\/a><\/div>\n\n\n\n<div style=\"height:44px\" aria-hidden=\"true\" class=\"wp-block-spacer\"><\/div>\n\n\n\n<h2 class=\"tb-heading\" data-toolset-blocks-heading=\"5ffd41c22e04344bb68303aec8edd14e\" data-last-update=\"1.4\">\u00c9crivez une lettre aux membres parlementaire de votre r\u00e9gion.<\/h2>\n\n\n\n<div style=\"height:44px\" aria-hidden=\"true\" class=\"wp-block-spacer\"><\/div>\n\n\n\n<div class=\"wp-block-toolset-blocks-grid tb-grid\" data-toolset-blocks-grid=\"d10c241d3e512876d1e35946e65de01b\">\n<div class=\"wp-block-toolset-blocks-grid-column tb-grid-column tb-grid-align-top\" data-toolset-blocks-grid-column=\"3034fbe886c11054e95b46b09d3e4112\"><\/div>\n\n\n\n<div class=\"wp-block-toolset-blocks-grid-column tb-grid-column tb-grid-align-top\" data-toolset-blocks-grid-column=\"3034fbe886c11054e95b46b09d3e4112\">\n<h6 class=\"tb-heading\" data-toolset-blocks-heading=\"bf19d814a7c6185dfe02db6859e0e08c\" data-last-update=\"1.4\">Lors des rencontres avec des repr\u00e9sentants du gouvernement, on nous dit souvent qu'ils n'entendent pas parler de leurs \u00e9lecteurs au sujet du TDAH et ne sont donc pas trop int\u00e9ress\u00e9s \u00e0 s'impliquer.<\/h6>\n\n\n\n<h6 class=\"tb-heading\" data-toolset-blocks-heading=\"bf19d814a7c6185dfe02db6859e0e08c\" data-last-update=\"1.4\">\u00c9crire une lettre \u00e0 votre d\u00e9put\u00e9(e) exprimant votre int\u00e9r\u00eat pour le TDAH, vos pr\u00e9occupations et vos attentes est tr\u00e8s utile pour les efforts de plaidoyer du TDAH.<br>CSTC (CADDAC) a raccourci le processus pour aider votre lettre de plaidoyer du TDAH \u00e0 parvenir \u00e0 la personne appropri\u00e9e le plus facilement que possible.<\/h6>\n<\/div>\n\n\n\n<div class=\"wp-block-toolset-blocks-grid-column tb-grid-column tb-grid-align-top\" data-toolset-blocks-grid-column=\"3034fbe886c11054e95b46b09d3e4112\"><\/div>\n<\/div>\n\n\n\n<div style=\"height:44px\" aria-hidden=\"true\" class=\"wp-block-spacer\"><\/div>\n\n\n\n<div class=\"wp-block-toolset-blocks-grid tb-grid\" data-toolset-blocks-grid=\"3d9c399fe625e1b972f817a0680229f6\">\n<div class=\"wp-block-toolset-blocks-grid-column tb-grid-column tb-grid-align-top\" data-toolset-blocks-grid-column=\"3034fbe886c11054e95b46b09d3e4112\">\n<div class=\"tb-button\" data-toolset-blocks-button=\"5efcc53380617d97eca4a1e9a05108c6\"><a class=\"tb-button__link\" href=\" https:\/\/caddac.ca\/fr\/droit-au-traitement-du-tdah-federale-lettres\/\"><span class=\"tb-button__content\">Campagne f\u00e9d\u00e9rale   <\/span><i class=\"tb-button__icon\"><\/i><\/a><\/div>\n<\/div>\n\n\n\n<div class=\"wp-block-toolset-blocks-grid-column tb-grid-column tb-grid-align-top\" data-toolset-blocks-grid-column=\"3034fbe886c11054e95b46b09d3e4112\">\n<div class=\"tb-button\" data-toolset-blocks-button=\"4ed841824aa94112122128fd542810bb\"><a class=\"tb-button__link\" href=\"https:\/\/caddac.ca\/fr\/droit-provincial-au-traitement-du-tdah-campagne-provincial-de-redaction-de-lettres\/\"><span class=\"tb-button__content\">Campagne provincial  <\/span><i class=\"tb-button__icon\"><\/i><\/a><\/div>\n<\/div>\n<\/div>\n\n\n\n<div style=\"height:54px\" aria-hidden=\"true\" class=\"wp-block-spacer\"><\/div>\n\n\n\n<div class=\"wp-block-toolset-blocks-grid tb-grid\" data-toolset-blocks-grid=\"d10c241d3e512876d1e35946e65de01b\">\n<div class=\"wp-block-toolset-blocks-grid-column tb-grid-column tb-grid-align-top\" data-toolset-blocks-grid-column=\"3034fbe886c11054e95b46b09d3e4112\"><\/div>\n\n\n\n<div class=\"wp-block-toolset-blocks-grid-column tb-grid-column tb-grid-align-top\" data-toolset-blocks-grid-column=\"3034fbe886c11054e95b46b09d3e4112\">\n<h2 class=\"tb-heading\" data-toolset-blocks-heading=\"5ffd41c22e04344bb68303aec8edd14e\" data-last-update=\"1.4\">Faire un don au CTSC<\/h2>\n<\/div>\n\n\n\n<div class=\"wp-block-toolset-blocks-grid-column tb-grid-column tb-grid-align-top\" data-toolset-blocks-grid-column=\"3034fbe886c11054e95b46b09d3e4112\"><\/div>\n<\/div>\n\n\n\n<div style=\"height:19px\" aria-hidden=\"true\" class=\"wp-block-spacer\"><\/div>\n\n\n\n<div class=\"wp-block-toolset-blocks-grid tb-grid\" data-toolset-blocks-grid=\"d10c241d3e512876d1e35946e65de01b\">\n<div class=\"wp-block-toolset-blocks-grid-column tb-grid-column tb-grid-align-top\" data-toolset-blocks-grid-column=\"3034fbe886c11054e95b46b09d3e4112\"><\/div>\n\n\n\n<div class=\"wp-block-toolset-blocks-grid-column tb-grid-column tb-grid-align-top\" data-toolset-blocks-grid-column=\"3034fbe886c11054e95b46b09d3e4112\">\n<h6 class=\"tb-heading\" data-toolset-blocks-heading=\"bf19d814a7c6185dfe02db6859e0e08c\" data-last-update=\"1.4\">Le CSTC (CADDAC) offre des programmes \u00e9ducatifs et des ressources aux individus atteints du TDAH, leurs familles et \u00e0 la communaut\u00e9 sur le TDAH et ses effets sur les Canadiens tout au long de leur vie.&nbsp;<\/h6>\n<\/div>\n\n\n\n<div class=\"wp-block-toolset-blocks-grid-column tb-grid-column tb-grid-align-top\" data-toolset-blocks-grid-column=\"3034fbe886c11054e95b46b09d3e4112\"><\/div>\n<\/div>\n\n\n\n<div style=\"height:44px\" aria-hidden=\"true\" class=\"wp-block-spacer\"><\/div>\n\n\n\n<p><\/p>\n\n\n\n<div class=\"tb-button\" data-toolset-blocks-button=\"2a157f493fbf1b41a74259bcef581c74\"><a class=\"tb-button__link\" href=\"https:\/\/caddac.ca\/fr\/donate-to-caddac\/\"><span class=\"tb-button__content\">Donner  <\/span><i class=\"tb-button__icon\"><\/i><\/a><\/div>\n\n\n\n<div style=\"height:44px\" aria-hidden=\"true\" class=\"wp-block-spacer\"><\/div>\n\n\n\n<div class=\"wp-block-toolset-blocks-grid tb-grid\" data-toolset-blocks-grid=\"d10c241d3e512876d1e35946e65de01b\">\n<div class=\"wp-block-toolset-blocks-grid-column tb-grid-column tb-grid-align-top\" data-toolset-blocks-grid-column=\"3034fbe886c11054e95b46b09d3e4112\"><\/div>\n\n\n\n<div class=\"wp-block-toolset-blocks-grid-column tb-grid-column tb-grid-align-top\" data-toolset-blocks-grid-column=\"3034fbe886c11054e95b46b09d3e4112\">\n<h5 class=\"tb-heading\" data-toolset-blocks-heading=\"4d820506082c057392a6422bc11f6c21\" data-last-update=\"1.4\">La recherche nous indique que le TDAH est rarement diagnostiqu\u00e9 comme un trouble autonome, donc pour vous sentir mieux, il peut \u00eatre tr\u00e8s important d'avoir une vue d'ensemble de vos conditions et sympt\u00f4mes concomitants et de la fa\u00e7on dont ils affectent votre mode de vie, vos relations, votre sant\u00e9 mentale et la sant\u00e9 physique.<\/h5>\n<\/div>\n\n\n\n<div class=\"wp-block-toolset-blocks-grid-column tb-grid-column tb-grid-align-top\" data-toolset-blocks-grid-column=\"3034fbe886c11054e95b46b09d3e4112\"><\/div>\n<\/div>\n","protected":false},"excerpt":{"rendered":"","protected":false},"author":31,"featured_media":0,"parent":0,"menu_order":0,"comment_status":"closed","ping_status":"closed","template":"","meta":{"_seopress_robots_primary_cat":"","_seopress_titles_title":"","_seopress_titles_desc":"","_seopress_robots_index":"","footnotes":""},"class_list":["post-7434","page","type-page","status-publish","hentry"],"_links":{"self":[{"href":"https:\/\/caddac.ca\/fr\/wp-json\/wp\/v2\/pages\/7434","targetHints":{"allow":["GET"]}}],"collection":[{"href":"https:\/\/caddac.ca\/fr\/wp-json\/wp\/v2\/pages"}],"about":[{"href":"https:\/\/caddac.ca\/fr\/wp-json\/wp\/v2\/types\/page"}],"author":[{"embeddable":true,"href":"https:\/\/caddac.ca\/fr\/wp-json\/wp\/v2\/users\/31"}],"replies":[{"embeddable":true,"href":"https:\/\/caddac.ca\/fr\/wp-json\/wp\/v2\/comments?post=7434"}],"version-history":[{"count":0,"href":"https:\/\/caddac.ca\/fr\/wp-json\/wp\/v2\/pages\/7434\/revisions"}],"wp:attachment":[{"href":"https:\/\/caddac.ca\/fr\/wp-json\/wp\/v2\/media?parent=7434"}],"curies":[{"name":"wp","href":"https:\/\/api.w.org\/{rel}","templated":true}]}}