{"id":5294,"date":"2022-03-15T12:02:07","date_gmt":"2022-03-15T16:02:07","guid":{"rendered":"https:\/\/caddac.ca\/?page_id=5294"},"modified":"2022-03-15T12:46:20","modified_gmt":"2022-03-15T16:46:20","slug":"plan-daction-etablir-un-acces-equitable-a-des-soins-adaptes-pour-les-canadiens-atteints-du-tdah","status":"publish","type":"page","link":"https:\/\/caddac.ca\/fr\/plan-daction-etablir-un-acces-equitable-a-des-soins-adaptes-pour-les-canadiens-atteints-du-tdah\/","title":{"rendered":"Plan d'action :\u00c9tablir un acc\u00e8s \u00e9quitable \u00e0 des soins adapt\u00e9s pour les Canadiens atteints du TDAH"},"content":{"rendered":"\n<p class=\"has-text-align-left\">Le gouvernement f\u00e9d\u00e9ral doit prendre des mesures d\u00e8s maintenant pour soutenir les personnes souffrant de TDAH. CADDRA, CADDAC et CanREACH se r\u00e9unissent pour inviter le gouvernement \u00e0 former un groupe consultatif d\u2019experts qui agira dans le cadre de l\u2019application des normes nationales en mati\u00e8re de sant\u00e9 mentale.<br> Pour en savoir plus sur notre Plan d\u2019action, cliquez ici.<\/p>\n\n\n\n<p><\/p>\n\n\n\n<div style=\"height:18px\" aria-hidden=\"true\" class=\"wp-block-spacer\"><\/div>\n\n\n\n<div class=\"wp-block-buttons is-layout-flex wp-block-buttons-is-layout-flex\">\n<div class=\"wp-block-button\"><a class=\"wp-block-button__link\" href=\"https:\/\/caddac.ca\/wp-content\/uploads\/Etablir-un-acces-equitable-a-des-soins-adaptes-pour-les-Canadiens-atteints-du-TDAH.pdf\">Read More<\/a><\/div>\n<\/div>\n\n\n\n<div class=\"wp-block-image\"><figure class=\"alignleft size-large\"><img loading=\"lazy\" decoding=\"async\" width=\"800\" height=\"1024\" src=\"https:\/\/caddac.ca\/wp-content\/uploads\/Plan-daction-2-800x1024.png\" alt=\"\" class=\"wp-image-5310\" srcset=\"https:\/\/caddac.ca\/wp-content\/uploads\/Plan-daction-2-800x1024.png 800w, https:\/\/caddac.ca\/wp-content\/uploads\/Plan-daction-2-234x300.png 234w, https:\/\/caddac.ca\/wp-content\/uploads\/Plan-daction-2-768x984.png 768w, https:\/\/caddac.ca\/wp-content\/uploads\/Plan-daction-2-1199x1536.png 1199w, https:\/\/caddac.ca\/wp-content\/uploads\/Plan-daction-2-1599x2048.png 1599w, https:\/\/caddac.ca\/wp-content\/uploads\/Plan-daction-2.png 1632w\" sizes=\"auto, (max-width: 800px) 100vw, 800px\" \/><\/figure><\/div>\n","protected":false},"excerpt":{"rendered":"<p>Le gouvernement f\u00e9d\u00e9ral doit prendre des mesures d\u00e8s maintenant pour soutenir les personnes souffrant de TDAH. CADDRA, CADDAC et CanREACH se r\u00e9unissent pour inviter le gouvernement \u00e0 former un groupe consultatif d\u2019experts qui agira dans le cadre de l\u2019application des normes nationales en mati\u00e8re de sant\u00e9 mentale. Pour en savoir plus sur notre Plan d\u2019action, [&hellip;]<\/p>\n","protected":false},"author":28,"featured_media":0,"parent":0,"menu_order":0,"comment_status":"closed","ping_status":"closed","template":"","meta":{"_seopress_robots_primary_cat":"","_seopress_titles_title":"","_seopress_titles_desc":"","_seopress_robots_index":"","footnotes":""},"class_list":["post-5294","page","type-page","status-publish","hentry"],"_links":{"self":[{"href":"https:\/\/caddac.ca\/fr\/wp-json\/wp\/v2\/pages\/5294","targetHints":{"allow":["GET"]}}],"collection":[{"href":"https:\/\/caddac.ca\/fr\/wp-json\/wp\/v2\/pages"}],"about":[{"href":"https:\/\/caddac.ca\/fr\/wp-json\/wp\/v2\/types\/page"}],"author":[{"embeddable":true,"href":"https:\/\/caddac.ca\/fr\/wp-json\/wp\/v2\/users\/28"}],"replies":[{"embeddable":true,"href":"https:\/\/caddac.ca\/fr\/wp-json\/wp\/v2\/comments?post=5294"}],"version-history":[{"count":0,"href":"https:\/\/caddac.ca\/fr\/wp-json\/wp\/v2\/pages\/5294\/revisions"}],"wp:attachment":[{"href":"https:\/\/caddac.ca\/fr\/wp-json\/wp\/v2\/media?parent=5294"}],"curies":[{"name":"wp","href":"https:\/\/api.w.org\/{rel}","templated":true}]}}