{"id":3578,"date":"2021-10-26T14:26:38","date_gmt":"2021-10-26T18:26:38","guid":{"rendered":"https:\/\/caddac.ca\/?page_id=3578"},"modified":"2022-04-20T14:05:54","modified_gmt":"2022-04-20T18:05:54","slug":"une-serie-de-videos-animees-pour-aider-les-enfants-a-comprendre-le-tdah","status":"publish","type":"page","link":"https:\/\/caddac.ca\/fr\/une-serie-de-videos-animees-pour-aider-les-enfants-a-comprendre-le-tdah\/","title":{"rendered":"Une s\u00e9rie de vid\u00e9os anim\u00e9es pour aider les enfants \u00e0 comprendre le TDAH"},"content":{"rendered":"\n<pre id=\"tw-target-text\" class=\"wp-block-preformatted has-medium-font-size\"><strong>vid\u00e9os d'animation<\/strong>\n<strong>\n<\/strong>\n<a href=\"https:\/\/caddac.ca\/wp-content\/uploads\/Teachers-resource-guide-FR-2.pdf\">TDAH GUIDE ET EXERCICES DESTIN\u00c9S AUX \u00c9DUCATEURS ET PARENT<\/a><\/pre>\n\n\n\n<p><\/p>\n\n\n\n<figure class=\"wp-block-embed is-type-video is-provider-youtube wp-block-embed-youtube wp-embed-aspect-16-9 wp-has-aspect-ratio\"><div class=\"wp-block-embed__wrapper\">\n<iframe loading=\"lazy\" title=\"CADDAC FV1 FINAL\" width=\"500\" height=\"281\" src=\"https:\/\/www.youtube.com\/embed\/EAmXnm-XG_Y?feature=oembed\" frameborder=\"0\" allow=\"accelerometer; autoplay; clipboard-write; encrypted-media; gyroscope; picture-in-picture; web-share\" referrerpolicy=\"strict-origin-when-cross-origin\" allowfullscreen><\/iframe>\n<\/div><\/figure>\n\n\n\n<figure class=\"wp-block-embed is-type-video is-provider-youtube wp-block-embed-youtube wp-embed-aspect-16-9 wp-has-aspect-ratio\"><div class=\"wp-block-embed__wrapper\">\n<iframe loading=\"lazy\" title=\"CADDAC FV2 FINAL\" width=\"500\" height=\"281\" src=\"https:\/\/www.youtube.com\/embed\/URjdLzEy5eA?feature=oembed\" frameborder=\"0\" allow=\"accelerometer; autoplay; clipboard-write; encrypted-media; gyroscope; picture-in-picture; web-share\" referrerpolicy=\"strict-origin-when-cross-origin\" allowfullscreen><\/iframe>\n<\/div><\/figure>\n\n\n\n<p><\/p>\n\n\n\n<figure class=\"wp-block-embed is-type-video is-provider-youtube wp-block-embed-youtube wp-embed-aspect-16-9 wp-has-aspect-ratio\"><div class=\"wp-block-embed__wrapper\">\n<iframe loading=\"lazy\" title=\"CADDAC FV3 FINAL\" width=\"500\" height=\"281\" src=\"https:\/\/www.youtube.com\/embed\/rTw94ON77kU?feature=oembed\" frameborder=\"0\" allow=\"accelerometer; autoplay; clipboard-write; encrypted-media; gyroscope; picture-in-picture; web-share\" referrerpolicy=\"strict-origin-when-cross-origin\" allowfullscreen><\/iframe>\n<\/div><\/figure>\n","protected":false},"excerpt":{"rendered":"<p>vid\u00e9os d'animation TDAH GUIDE ET EXERCICES DESTIN\u00c9S AUX \u00c9DUCATEURS ET PARENT<\/p>\n","protected":false},"author":28,"featured_media":0,"parent":0,"menu_order":0,"comment_status":"closed","ping_status":"closed","template":"","meta":{"_seopress_robots_primary_cat":"","_seopress_titles_title":"","_seopress_titles_desc":"","_seopress_robots_index":"","footnotes":""},"class_list":["post-3578","page","type-page","status-publish","hentry"],"_links":{"self":[{"href":"https:\/\/caddac.ca\/fr\/wp-json\/wp\/v2\/pages\/3578","targetHints":{"allow":["GET"]}}],"collection":[{"href":"https:\/\/caddac.ca\/fr\/wp-json\/wp\/v2\/pages"}],"about":[{"href":"https:\/\/caddac.ca\/fr\/wp-json\/wp\/v2\/types\/page"}],"author":[{"embeddable":true,"href":"https:\/\/caddac.ca\/fr\/wp-json\/wp\/v2\/users\/28"}],"replies":[{"embeddable":true,"href":"https:\/\/caddac.ca\/fr\/wp-json\/wp\/v2\/comments?post=3578"}],"version-history":[{"count":0,"href":"https:\/\/caddac.ca\/fr\/wp-json\/wp\/v2\/pages\/3578\/revisions"}],"wp:attachment":[{"href":"https:\/\/caddac.ca\/fr\/wp-json\/wp\/v2\/media?parent=3578"}],"curies":[{"name":"wp","href":"https:\/\/api.w.org\/{rel}","templated":true}]}}